{"id":8997,"date":"2022-07-13T10:04:04","date_gmt":"2022-07-13T10:04:04","guid":{"rendered":"https:\/\/www.iknosdiving.com\/?page_id=8997"},"modified":"2022-07-13T10:26:49","modified_gmt":"2022-07-13T10:26:49","slug":"privacy-policy","status":"publish","type":"page","link":"https:\/\/www.iknosdiving.com\/de\/privacy-policy\/","title":{"rendered":"Privacy Policy"},"content":{"rendered":"\n<p class=\"font_8\"><strong><span class=\"color_11\">Informativa sul trattamento dei dati personali\u00a0<\/span><span class=\"color_11\">ai sensi e per gli effetti dell\u2019art. 13, D.Lgs. n. 196\/2003 e in conformit\u00e0 al Regolamento UE n. 2016\/679 (Regolamento generale sulla protezione dei dati c.d. \u201cGDPR\u201d).<\/span><\/strong><\/p>\n<p class=\"font_8\"><span class=\"color_11\">In osservanza di quanto previsto dal D.Lgs. n.196\/2003, cos\u00ec come modificato dal Regolamento UE 2016\/679 del Parlamento Europeo e del Consiglio del 27 aprile 2016 (d\u2019ora in avanti GDPR), si forniscono le dovute informazioni in ordine alle finalit\u00e0 e modalit\u00e0 di trattamento dei Suoi dati personali, nell\u2019ambito di comunicazione e diffusione degli stessi. La presente informativa si applica a tutti gli utenti, tra cui visitatori registrati e non registrati, del nostro sito:\u00a0<a href=\"https:\/\/www.iknosdiving.com\/\">www.iknosdiving.com<\/a>. Si invita l\u2019utente a leggere attentamente la presente informativa. In caso di dubbi o domande l\u2019utente potr\u00e0 contattarci all\u2019indirizzo: <a href=\"mailto:iknosdiving@gmail.com\" data-auto-recognition=\"true\">iknosdiving@gmail.com<\/a>.<\/span><\/p>\n\n\n\n<h4 class=\"wp-block-heading\">1. TITOLARE DEL TRATTAMENTO<\/h4>\n\n\n\n<p>Titolare del trattamento \u00e8 Iknos S.r.l., con Sede in Via dei Carantani, 1B &#8211; 21100 Varese. L&#8217;indirizzo del nostro sito web \u00e8: <a href=\"https:\/\/www.iknosdiving.com\">https:\/\/www.iknosdiving.com<\/a>.<\/p>\n\n\n\n<h4 class=\"wp-block-heading\">2. TIPOLOGIA DEI DATI TRATTATI<\/h4>\n\n\n\n<p>Per fornire i nostri servizi, dobbiamo raccogliere le informazioni personali (dati anagrafici e di contatto) che ci fornisce l\u2019utente in base all\u2019utilizzo dei nostri servizi. La tipologia di informazioni personali che raccogliamo sono i dati che l\u2019utente decide di fornirci, nello specifico si tratta di: nome; indirizzo e-mail; numero di telefono.<\/p>\n\n\n\n<p>Tali informazioni vengono utilizzate dal Titolare del trattamento al fine di:<\/p>\n\n\n\n<ul><li>fornire e gestire servizi su richiesta dell\u2019utente (es. tramite form di contatto);<\/li><li>rispondere alle richieste degli utenti (es. richieste di natura commerciale; prenotazione servizi);<\/li><li>effettuare comunicazioni con diversi mezzi anche a fini promozionali e di marketing (es. newsletter);<\/li><li>scambiare informazioni finalizzate all\u2019esecuzione del rapporto contrattuale, ivi comprese le attivit\u00e0 precedenti e successive;<\/li><li>ottemperare agli obblighi previsti da leggi, regolamenti, ovvero provvedimenti emanati da Pubbliche autorit\u00e0.<\/li><\/ul>\n\n\n\n<h4 class=\"wp-block-heading\">3.&nbsp;MODALIT\u00c0 DEL TRATTAMENTO<\/h4>\n\n\n\n<p>I dati personali degli utenti formeranno oggetto di operazioni di trattamento nel rispetto della vigente normativa e dei principi di correttezza, liceit\u00e0, trasparenza e riservatezza. Tali dati verranno trattati con e senza l\u2019ausilio di strumenti elettronici e informatici. I dati personali degli utenti saranno trattati dal Titolare ed eventualmente dal Responsabile del trattamento e\/o dagli Incaricati al trattamento. I dati personali degli utenti non saranno oggetto di processi decisionali automatizzati, n\u00e9 di alcun tipo di profilazione, salvo quanto previsto ai successivi punti 4 e 5.<\/p>\n\n\n\n<p><\/p>\n\n\n\n<h4 class=\"wp-block-heading\">4. DATI DI NAVIGAZIONE<\/h4>\n\n\n\n<p>Il sistema informatico preposto al funzionamento di questo sito web acquisisce nel corso del normale esercizio alcuni dati personali dell\u2019utente. Si tratta di informazioni che non sono raccolte per essere associate a interessi identificati, ma che per la loro natura potrebbero, attraverso ulteriori elaborazioni ed associazioni, permettere di identificare gli utenti. Si tratta di: indirizzi IP; indirizzi di rotazione URI; orario delle richieste presentate; codice numerico indicante lo stato della risposta data dal server (es. errore, ecc.). Questi dati vengono utilizzati al solo fine di ricavare informazioni statistiche anonime sull\u2019uso del sito e per controllarne il corretto funzionamento.<\/p>\n\n\n\n<h4 class=\"wp-block-heading\">6. CONFERIMENTO DEI SUOI DATI<\/h4>\n\n\n\n<p>Il conferimento dei dati personali dell\u2019utente \u00e8 strettamente necessario per attuare le finalit\u00e0 di cui al punto 2 della presente informativa. Il rifiuto da parte dell\u2019utente di fornire i propri dati personali comporta l\u2019impossibilit\u00e0 di erogare i servizi richiesti. In ogni caso, all\u2019utente \u00e8 riconosciuto il diritto di revocare il consenso prestato in qualsiasi momento.<\/p>\n\n\n\n<p><\/p>\n\n\n\n<h4 class=\"wp-block-heading\">7. COMUNICAZIONE DEI DATI<\/h4>\n\n\n\n<p>I dati personali dell\u2019utente potranno essere comunicati, per le finalit\u00e0 di cui al punto 2 della presente informativa, a:<\/p>\n\n\n\n<ul><li>dipendenti e collaboratori;<\/li><li>fornitori di servizi (es. web host) e terzi soggetti che erogano servizi strumentali a soddisfare le richieste dell\u2019utente (es. societ\u00e0 di spedizione; ecc.).<\/li><\/ul>\n\n\n\n<p>I dati personali dell\u2019utente non sono in alcun modo soggetti a diffusione a destinatari indeterminati.<\/p>\n\n\n\n<h4 class=\"wp-block-heading\">8. DESTINATARI DEI DATI<\/h4>\n\n\n\n<p>I dati personali dell\u2019utente non saranno diffusi a terzi e soggetti indeterminati in nessuna forma (es. consultazione dei dati, messa a disposizione dei dati).<br><\/p>\n\n\n\n<h4 class=\"wp-block-heading\">9. TRASFERIMENTO DEI DATI<\/h4>\n\n\n\n<p>I dati personali dell\u2019utente potranno essere trasferiti verso Paesi dell\u2019Unione Europea nell\u2019ambito delle finalit\u00e0 di cui al punto 2 della presente informativa. Per il perseguimento delle medesime finalit\u00e0, i dati personali dell\u2019utente potranno inoltre essere trasferiti a Responsabili del Trattamento aventi Sede in Paesi terzi o ad organizzazioni internazionali. In tali casi il Titolare del trattamento garantisce che il trasferimento dei dati avverr\u00e0 esclusivamente nei confronti di Paesi terzi ovvero organizzazioni internazionali che forniscano adeguate garanzie di protezione delle informazioni personali ai sensi dell\u2019art. 46 del GDPR ovvero ai sensi dell\u2019art. 45 del GDPR.<br><\/p>\n\n\n\n<h4 class=\"wp-block-heading\">10. TEMPO CONSERVAZIONE DATI RACCOLTI<\/h4>\n\n\n\n<p>Il Titolare del trattamento tratter\u00e0 i dati personali raccolti per tutto il tempo necessario ad adempiere alle finalit\u00e0 di cui al punto 2 della presente informativa. Successivamente i dati personali dell\u2019utente verranno conservati, e non ulteriormente trattati, per un periodo di tempo che pu\u00f2 variare in modo significativo a seconda di: finalit\u00e0 perseguite, tipologia di dato trattato, obblighi di legge (es. fiscali, amministrativi, ecc.). In ogni caso, qualora non fosse pi\u00f9 necessario conservare detti dati, gli stessi verranno cancellati\/distrutti secondo quanto previsto dal GDPR.<\/p>\n\n\n\n<h4 class=\"wp-block-heading\">11. DIRITTI DELL\u2019UTENTE<\/h4>\n\n\n\n<p>L\u2019utente in qualunque momento pu\u00f2 chiedere al Titolare del trattamento di esercitare i seguenti diritti: art. 15 (diritto di accesso), art. 16 (diritto di rettifica), art.17 (diritto alla cancellazione), art. 18 (diritto di limitazione al trattamento), art. 19 (obbligo di notifica in caso di rettifica o cancellazione dei dati personali o limitazione del trattamento), art. 20 (diritto alla portabilit\u00e0 dei dati) e 21 (diritto di opposizione), art. 22 (processo decisionale automatizzato e profilazione) del GDPR, pu\u00f2 in ogni momento richiedere l\u2019accesso ai dati personali e la rettifica o la cancellazione degli stessi o la limitazione del trattamento o di opporsi al loro trattamento, oltre al diritto alla portabilit\u00e0 dei dati, inoltrando comunicazione scritta al Titolare del Trattamento. L\u2019interessato pu\u00f2 proporre reclamo all\u2019Autorit\u00e0 di controllo dello Stato in cui risiede. L\u2019interessato ha altres\u00ec diritto, ex art. 34 GDPR, di ricevere comunicazione dal parte del Titolare, senza ingiustificato ritardo, di eventuali violazioni dei dati personali suscettibili di presentare un rischio elevato per i diritti e le libert\u00e0 delle persone fisiche.<br><\/p>\n\n\n\n<h4 class=\"wp-block-heading\">12. MODALIT\u00c0 DI ESERCIZIO DEI DIRITTI<\/h4>\n\n\n\n<p>L\u2019interessato potr\u00e0 in qualsiasi momento esercitare i diritti di cui alla presente informativa ed in generale quanto previsto dalla normativa GDPR: (I) inviando una raccomandata a\/r al Titolare del trattamento presso la Sede legale della societ\u00e0 sita in  Via dei Carantani, 1B &#8211; 21100 Varese o inviando una mail all\u2019indirizzo\u00a0<a href=\"mailto:iknosdiving@gmail.com\">iknosdiving@gmail.com<\/a>.<\/p>\n\n\n\n<p>&nbsp;<\/p>\n\n\n\n<h4 class=\"wp-block-heading\">13. CONSENSO AL TRATTAMENTO DEI DATI<\/h4>\n\n\n\n<p>Ai sensi e per gli effetti di cui all\u2019art. 6, par. 1, lett. a) del GDPR, l\u2019interessato manifesta il consenso al trattamento dei propri dati personali nell\u2019ambito, per le finalit\u00e0 e secondo le modalit\u00e0 sopra richiamate. Tale consenso \u00e8 da intendersi valido fino a revoca scritta da far pervenire secondo le modalit\u00e0 descritte al punto che precede.<\/p>\n\n\n\n<h2 class=\"wp-block-heading\"><\/h2>\n","protected":false},"excerpt":{"rendered":"<p>Informativa sul trattamento dei dati personali\u00a0ai sensi e per gli effetti dell\u2019art. 13, D.Lgs. n. 196\/2003 e in conformit\u00e0 al Regolamento UE n. 2016\/679 (Regolamento generale sulla protezione dei dati &#8230;<\/p>\n","protected":false},"author":3,"featured_media":0,"parent":0,"menu_order":0,"comment_status":"closed","ping_status":"closed","template":"","meta":{"footnotes":""},"yoast_head":"<!-- This site is optimized with the Yoast SEO plugin v24.5 - https:\/\/yoast.com\/wordpress\/plugins\/seo\/ -->\n<title>Privacy Policy - Iknos Diving - Sardegna<\/title>\n<meta name=\"robots\" content=\"index, follow, max-snippet:-1, max-image-preview:large, max-video-preview:-1\" \/>\n<link rel=\"canonical\" href=\"https:\/\/www.iknosdiving.com\/privacy-policy\/\" \/>\n<meta property=\"og:locale\" content=\"de_DE\" \/>\n<meta property=\"og:type\" content=\"article\" \/>\n<meta property=\"og:title\" content=\"Privacy Policy - Iknos Diving - Sardegna\" \/>\n<meta property=\"og:description\" content=\"Informativa sul trattamento dei dati personali\u00a0ai sensi e per gli effetti dell\u2019art. 13, D.Lgs. n. 196\/2003 e in conformit\u00e0 al Regolamento UE n. 2016\/679 (Regolamento generale sulla protezione dei dati ...\" \/>\n<meta property=\"og:url\" content=\"https:\/\/www.iknosdiving.com\/privacy-policy\/\" \/>\n<meta property=\"og:site_name\" content=\"Iknos Diving - Sardegna\" \/>\n<meta property=\"article:publisher\" content=\"https:\/\/www.facebook.com\/IknosDiving\" \/>\n<meta property=\"article:modified_time\" content=\"2022-07-13T10:26:49+00:00\" \/>\n<meta name=\"twitter:label1\" content=\"Gesch\u00e4tzte Lesezeit\" \/>\n\t<meta name=\"twitter:data1\" content=\"6\u00a0Minuten\" \/>\n<script type=\"application\/ld+json\" class=\"yoast-schema-graph\">{\"@context\":\"https:\/\/schema.org\",\"@graph\":[{\"@type\":\"WebPage\",\"@id\":\"https:\/\/www.iknosdiving.com\/privacy-policy\/\",\"url\":\"https:\/\/www.iknosdiving.com\/privacy-policy\/\",\"name\":\"Privacy Policy - Iknos Diving - Sardegna\",\"isPartOf\":{\"@id\":\"https:\/\/www.iknosdiving.com\/#website\"},\"datePublished\":\"2022-07-13T10:04:04+00:00\",\"dateModified\":\"2022-07-13T10:26:49+00:00\",\"breadcrumb\":{\"@id\":\"https:\/\/www.iknosdiving.com\/privacy-policy\/#breadcrumb\"},\"inLanguage\":\"de\",\"potentialAction\":[{\"@type\":\"ReadAction\",\"target\":[\"https:\/\/www.iknosdiving.com\/privacy-policy\/\"]}]},{\"@type\":\"BreadcrumbList\",\"@id\":\"https:\/\/www.iknosdiving.com\/privacy-policy\/#breadcrumb\",\"itemListElement\":[{\"@type\":\"ListItem\",\"position\":1,\"name\":\"Home\",\"item\":\"https:\/\/www.iknosdiving.com\/\"},{\"@type\":\"ListItem\",\"position\":2,\"name\":\"Privacy Policy\"}]},{\"@type\":\"WebSite\",\"@id\":\"https:\/\/www.iknosdiving.com\/#website\",\"url\":\"https:\/\/www.iknosdiving.com\/\",\"name\":\"Iknos Diving - Sardegna\",\"description\":\"Iknos Diving - Le migliori immersioni in Sardegna\",\"publisher\":{\"@id\":\"https:\/\/www.iknosdiving.com\/#organization\"},\"potentialAction\":[{\"@type\":\"SearchAction\",\"target\":{\"@type\":\"EntryPoint\",\"urlTemplate\":\"https:\/\/www.iknosdiving.com\/?s={search_term_string}\"},\"query-input\":{\"@type\":\"PropertyValueSpecification\",\"valueRequired\":true,\"valueName\":\"search_term_string\"}}],\"inLanguage\":\"de\"},{\"@type\":\"Organization\",\"@id\":\"https:\/\/www.iknosdiving.com\/#organization\",\"name\":\"Ikn\u00f2s S.R.L.\",\"url\":\"https:\/\/www.iknosdiving.com\/\",\"logo\":{\"@type\":\"ImageObject\",\"inLanguage\":\"de\",\"@id\":\"https:\/\/www.iknosdiving.com\/#\/schema\/logo\/image\/\",\"url\":\"https:\/\/www.iknosdiving.com\/wp-content\/uploads\/2019\/04\/IMG_0727-e1655112251769.png\",\"contentUrl\":\"https:\/\/www.iknosdiving.com\/wp-content\/uploads\/2019\/04\/IMG_0727-e1655112251769.png\",\"width\":512,\"height\":362,\"caption\":\"Ikn\u00f2s S.R.L.\"},\"image\":{\"@id\":\"https:\/\/www.iknosdiving.com\/#\/schema\/logo\/image\/\"},\"sameAs\":[\"https:\/\/www.facebook.com\/IknosDiving\",\"https:\/\/www.instagram.com\/iknosdiving\/\"]}]}<\/script>\n<!-- \/ Yoast SEO plugin. -->","yoast_head_json":{"title":"Privacy Policy - Iknos Diving - Sardegna","robots":{"index":"index","follow":"follow","max-snippet":"max-snippet:-1","max-image-preview":"max-image-preview:large","max-video-preview":"max-video-preview:-1"},"canonical":"https:\/\/www.iknosdiving.com\/privacy-policy\/","og_locale":"de_DE","og_type":"article","og_title":"Privacy Policy - Iknos Diving - Sardegna","og_description":"Informativa sul trattamento dei dati personali\u00a0ai sensi e per gli effetti dell\u2019art. 13, D.Lgs. n. 196\/2003 e in conformit\u00e0 al Regolamento UE n. 2016\/679 (Regolamento generale sulla protezione dei dati ...","og_url":"https:\/\/www.iknosdiving.com\/privacy-policy\/","og_site_name":"Iknos Diving - Sardegna","article_publisher":"https:\/\/www.facebook.com\/IknosDiving","article_modified_time":"2022-07-13T10:26:49+00:00","twitter_misc":{"Gesch\u00e4tzte Lesezeit":"6\u00a0Minuten"},"schema":{"@context":"https:\/\/schema.org","@graph":[{"@type":"WebPage","@id":"https:\/\/www.iknosdiving.com\/privacy-policy\/","url":"https:\/\/www.iknosdiving.com\/privacy-policy\/","name":"Privacy Policy - Iknos Diving - Sardegna","isPartOf":{"@id":"https:\/\/www.iknosdiving.com\/#website"},"datePublished":"2022-07-13T10:04:04+00:00","dateModified":"2022-07-13T10:26:49+00:00","breadcrumb":{"@id":"https:\/\/www.iknosdiving.com\/privacy-policy\/#breadcrumb"},"inLanguage":"de","potentialAction":[{"@type":"ReadAction","target":["https:\/\/www.iknosdiving.com\/privacy-policy\/"]}]},{"@type":"BreadcrumbList","@id":"https:\/\/www.iknosdiving.com\/privacy-policy\/#breadcrumb","itemListElement":[{"@type":"ListItem","position":1,"name":"Home","item":"https:\/\/www.iknosdiving.com\/"},{"@type":"ListItem","position":2,"name":"Privacy Policy"}]},{"@type":"WebSite","@id":"https:\/\/www.iknosdiving.com\/#website","url":"https:\/\/www.iknosdiving.com\/","name":"Iknos Diving - Sardegna","description":"Iknos Diving - Le migliori immersioni in Sardegna","publisher":{"@id":"https:\/\/www.iknosdiving.com\/#organization"},"potentialAction":[{"@type":"SearchAction","target":{"@type":"EntryPoint","urlTemplate":"https:\/\/www.iknosdiving.com\/?s={search_term_string}"},"query-input":{"@type":"PropertyValueSpecification","valueRequired":true,"valueName":"search_term_string"}}],"inLanguage":"de"},{"@type":"Organization","@id":"https:\/\/www.iknosdiving.com\/#organization","name":"Ikn\u00f2s S.R.L.","url":"https:\/\/www.iknosdiving.com\/","logo":{"@type":"ImageObject","inLanguage":"de","@id":"https:\/\/www.iknosdiving.com\/#\/schema\/logo\/image\/","url":"https:\/\/www.iknosdiving.com\/wp-content\/uploads\/2019\/04\/IMG_0727-e1655112251769.png","contentUrl":"https:\/\/www.iknosdiving.com\/wp-content\/uploads\/2019\/04\/IMG_0727-e1655112251769.png","width":512,"height":362,"caption":"Ikn\u00f2s S.R.L."},"image":{"@id":"https:\/\/www.iknosdiving.com\/#\/schema\/logo\/image\/"},"sameAs":["https:\/\/www.facebook.com\/IknosDiving","https:\/\/www.instagram.com\/iknosdiving\/"]}]}},"_links":{"self":[{"href":"https:\/\/www.iknosdiving.com\/de\/wp-json\/wp\/v2\/pages\/8997"}],"collection":[{"href":"https:\/\/www.iknosdiving.com\/de\/wp-json\/wp\/v2\/pages"}],"about":[{"href":"https:\/\/www.iknosdiving.com\/de\/wp-json\/wp\/v2\/types\/page"}],"author":[{"embeddable":true,"href":"https:\/\/www.iknosdiving.com\/de\/wp-json\/wp\/v2\/users\/3"}],"replies":[{"embeddable":true,"href":"https:\/\/www.iknosdiving.com\/de\/wp-json\/wp\/v2\/comments?post=8997"}],"version-history":[{"count":2,"href":"https:\/\/www.iknosdiving.com\/de\/wp-json\/wp\/v2\/pages\/8997\/revisions"}],"predecessor-version":[{"id":9006,"href":"https:\/\/www.iknosdiving.com\/de\/wp-json\/wp\/v2\/pages\/8997\/revisions\/9006"}],"wp:attachment":[{"href":"https:\/\/www.iknosdiving.com\/de\/wp-json\/wp\/v2\/media?parent=8997"}],"curies":[{"name":"wp","href":"https:\/\/api.w.org\/{rel}","templated":true}]}}